{"id":273,"date":"2026-03-10T18:20:05","date_gmt":"2026-03-10T18:20:05","guid":{"rendered":"https:\/\/landetxogunea.eus\/?page_id=273"},"modified":"2026-03-21T11:26:09","modified_gmt":"2026-03-21T11:26:09","slug":"pribatutasun-politika","status":"publish","type":"page","link":"https:\/\/landetxogunea.eus\/cas\/pribatutasun-politika\/","title":{"rendered":"Pol\u00edtica de privacidad"},"content":{"rendered":"<div data-elementor-type=\"wp-page\" data-elementor-id=\"273\" class=\"elementor elementor-273\" data-elementor-post-type=\"page\">\n\t\t\t\t<div class=\"elementor-element elementor-element-23233e88 e-flex e-con-boxed e-con e-parent\" data-id=\"23233e88\" data-element_type=\"container\" data-e-type=\"container\">\n\t\t\t\t\t<div class=\"e-con-inner\">\n\t\t\t\t<div class=\"elementor-element elementor-element-2d933f5b elementor-widget elementor-widget-heading\" data-id=\"2d933f5b\" data-element_type=\"widget\" data-e-type=\"widget\" data-widget_type=\"heading.default\">\n\t\t\t\t\t<h2 class=\"elementor-heading-title elementor-size-default\">Pol\u00edtica de privacidad<\/h2>\t\t\t\t<\/div>\n\t\t\t\t<div class=\"elementor-element elementor-element-39298efd elementor-widget elementor-widget-text-editor\" data-id=\"39298efd\" data-element_type=\"widget\" data-e-type=\"widget\" data-widget_type=\"text-editor.default\">\n\t\t\t\t\t\t\t\t\t<h2><b>INFORMACI\u00d3N ADICIONAL SOBRE PROTECCI\u00d3N DE DATOS<\/b><\/h2><p class=\"p3\">Lo que se hace y no se hace con tus datos personales en esta web lo encontrar\u00e1s aqu\u00ed.<\/p><p class=\"p3 translation-block\">Esta pol\u00edtica expresa c\u00f3mo se tratar\u00e1 y proteger\u00e1 la informaci\u00f3n personal de todas las personas que se relacionan con Landetxo Gunea a trav\u00e9s de este sitio web. Por favor, debes leer todos los apartados del Aviso Legal, de la pol\u00edtica de cookies y de la presente pol\u00edtica de privacidad antes de utilizar esta web.<\/p><p class=\"p3 translation-block\">De conformidad con lo dispuesto en Reglamento UE 2016\/679, del Parlamento Europeo y del Consejo del 27 de abril de 2016 (RGPD) y la Ley Org\u00e1nica 3\/2018, del 5 de diciembre, de Protecci\u00f3n de Datos Personales y garant\u00eda de los derechos digitales, Alaiki Zerbitzu Gizakulturalak S.L., te informa de que, mediante la aceptaci\u00f3n de esta Pol\u00edtica de Privacidad, prestas tu consentimiento expreso, informado, libre e inequ\u00edvoco para que los Datos que proporcionas, y sobre los que se aplican las medidas de seguridad, t\u00e9cnicas y organizativas previstas en la normativa vigente, sean tratados por Alaiki Zerbitzu Gizakulturalak S.L., como responsable del tratamiento.<\/p><hr \/><h2><b>\u00bfQUI\u00c9N ES EL RESPONSABLE DE ESTA WEB?<\/b><\/h2><p class=\"p3 translation-block\">Identidad del Responsable: Alaiki Zerbitzu Gizakulturalak S.L.<\/p><p class=\"p4 translation-block\">Nombre comercial: Landetxo Gunea<\/p><p class=\"p3 translation-block\">CIF\/NIF:\u00a0B48910525<\/p><p class=\"p3 translation-block\"><span class=\"s2\"><b>Helbidea:<\/b><\/span> Barrikako Bidea, 2, Igeltzera Industrialdea, D4 pabellona, URDULIZ 48601<\/p><p class=\"p4 translation-block\">Correo electr\u00f3nico:\u00a0alaiki@alaiki.eus<\/p><p class=\"p3 translation-block\">Su actividad social es:\u00a0Animaci\u00f3n sociocultural<\/p><p class=\"p4\"><b>Inscrita en el Registro Mercantil de Bizkaia,<\/b><span class=\"s3\"> Protocolo: 1122\/97<\/span><\/p><hr \/><h2><b>\u00bfQU\u00c9 DATOS PERSONALES SE RECOGEN EN ESTA WEB?<\/b><\/h2><p class=\"p3\">Para las finalidades establecidas en esta Pol\u00edtica de Privacidad, Landetxo Gunea puede recabar y tratar, en su caso, los Datos Personales que se detallan a continuaci\u00f3n, que depender\u00e1n de los diferentes productos o servicios que solicite en esta Web:<\/p><ul><li><p class=\"p1 translation-block\">Datos identificativos: nombre, apellidos.<\/p><\/li><li><p class=\"p1 translation-block\">Datos de contacto: direcci\u00f3n postal, correo electr\u00f3nico, n\u00famero de tel\u00e9fono m\u00f3vil.<\/p><\/li><li><p class=\"p1 translation-block\">Datos contractuales: datos de operaciones contractuales, DNI, productos y servicios adquiridos, operaciones financieras, datos de pago.<\/p><\/li><li><p class=\"p1 translation-block\">Datos navegaci\u00f3n: direcci\u00f3n IP, tipo e identificaci\u00f3n del dispositivo, tipo de navegador, dominio a trav\u00e9s del cual accede al Sitio Web, datos de navegaci\u00f3n, actividad en el Sitio Web.<\/p><\/li><\/ul><hr \/><h2><b>\u00bfCON QU\u00c9 BASE LEGAL SE TRATAN ESOS DATOS?<\/b><\/h2><p class=\"p3\">Tratamos tus datos personales con las siguientes bases legales:<\/p><ul><li><p class=\"p1\">La ejecuci\u00f3n de un contrato con Landetxo Gunea para la contrataci\u00f3n de servicios, publicar anuncios y gestionar los servicios solicitados.<\/p><\/li><li><p class=\"p1\">El consentimiento del usuario en relaci\u00f3n al contacto, la suscripci\u00f3n a contenidos y el env\u00edo de comunicaciones comerciales, v\u00eda mail, cookies o sistemas de mensajer\u00eda.<\/p><\/li><li><p class=\"p1\">El inter\u00e9s leg\u00edtimo del responsable del tratamiento para proteger a los usuarios de la web de Landetxo Gunea de abusos y fraudes en el uso de nuestros servicios.<\/p><\/li><\/ul><hr \/><h2><b>\u00bfCON QU\u00c9 FINALIDADES TRATAREMOS TUS DATOS?<\/b><\/h2><p class=\"p3\">En esta web pueden existir diferentes formularios; en cada uno de ellos la informaci\u00f3n que recoja se utilizar\u00e1 de la siguiente manera:<\/p><ul><li><p class=\"p1 translation-block\">Formulario de contacto: Puede existir un formulario de contacto para consultas, sugerencias o contacto profesional. En este caso se utilizar\u00e1 la direcci\u00f3n de correo electr\u00f3nico para responder a las mismas y enviar la informaci\u00f3n que el usuario requiera a trav\u00e9s de la web.<\/p><\/li><\/ul><hr \/><h2><b>TIEMPO DE CONSERVACI\u00d3N DE LOS DATOS PERSONALES<\/b><\/h2><p class=\"p3 translation-block\">Datos de los Clientes: El periodo de conservaci\u00f3n de los datos personales variar\u00e1 en funci\u00f3n del servicio que el Cliente contrate. En cualquier caso, ser\u00e1 el m\u00ednimo necesario, pudiendo mantenerse hasta:<\/p><ul><li><p class=\"p1 translation-block\">4 a\u00f1os: Ley sobre Infracciones y Sanciones en el Orden Social (obligaciones en materia de afiliaci\u00f3n, altas, bajas, cotizaci\u00f3n, pago de salarios\u2026); Arts. 66 y ss. Ley General Tributaria (libros de contabilidad\u2026).<\/p><\/li><li><p class=\"p1 translation-block\">5 a\u00f1os: Art. 1964 del C\u00f3digo Civil (acciones personales sin plazo especial).<\/p><\/li><li><p class=\"p1 translation-block\">6 a\u00f1os: Art. 30 del C\u00f3digo de Comercio (libros de contabilidad, facturas\u2026).<\/p><\/li><li><p class=\"p1 translation-block\">10 a\u00f1os: Art. 25 de la Ley de Prevenci\u00f3n del Blanqueo de Capitales y Financiaci\u00f3n del Terrorismo.<\/p><\/li><\/ul><hr \/><h2><b>\u00bfCU\u00c1LES SON TUS DERECHOS EN LO QUE CONCIERNE AL USO DE TUS DATOS?<\/b><\/h2><p class=\"p3\">Cualquier persona tiene derecho a obtener confirmaci\u00f3n sobre si en Landetxo Gunea estamos tratando datos personales que le conciernen o no.<\/p><p class=\"p3\">Las personas interesadas tienen derecho a:<\/p><ul><li><p class=\"p1\">Solicitar el acceso a los datos personales relativos al interesado.<\/p><\/li><li><p class=\"p1\">Solicitar su rectificaci\u00f3n o supresi\u00f3n.<\/p><\/li><li><p class=\"p1\">Solicitar su cancelaci\u00f3n.<\/p><\/li><li><p class=\"p1\">Solicitar la limitaci\u00f3n de su tratamiento.<\/p><\/li><li><p class=\"p1\">Oponerse al tratamiento.<\/p><\/li><li><p class=\"p1\">Solicitar la portabilidad de los datos.<\/p><\/li><\/ul><p class=\"p3\">Si ha otorgado su consentimiento para alguna finalidad concreta, tiene derecho a retirar el consentimiento otorgado en cualquier momento, sin que ello afecte a la licitud del tratamiento basado en el consentimiento previo a su retirada.<\/p><p class=\"p3\">En caso de que sienta vulnerados sus derechos en lo concerniente a la protecci\u00f3n de sus datos personales, especialmente cuando no haya obtenido satisfacci\u00f3n en el ejercicio de sus derechos, puede presentar una reclamaci\u00f3n ante la Autoridad de Control en materia de Protecci\u00f3n de Datos competente a trav\u00e9s de su sitio web:<\/p><p class=\"p3\">https:\/\/www.aepd.es\/es<\/p><p class=\"p3 translation-block\">Para ejercitar estos derechos, puede escribir a esan@landetxogunea.eus<\/p><p class=\"p3\">Existe un formulario para el ejercicio de sus derechos elaborado por la Agencia Espa\u00f1ola de Protecci\u00f3n de Datos o terceros.<\/p><p class=\"p3\">Estos formularios deben ir firmados electr\u00f3nicamente o ser acompa\u00f1ados de fotocopia del DNI.<\/p><p class=\"p3\">Si le representa alguien, debe adjuntar copia de su DNI, o debe estar firmado con su firma electr\u00f3nica.<\/p><p class=\"p3\">Los formularios pueden ser presentados presencialmente, enviados por carta o por mail a la direcci\u00f3n del responsable que aparece al inicio de este texto.<\/p><hr \/><h2><b>NOTIFICACI\u00d3N DE SEGURIDAD Y DECLARACI\u00d3N DE BRECHAS<\/b><\/h2><p class=\"p3 translation-block\">En landetxogunea.eus asumimos medidas de seguridad adecuadas al nivel de riesgo para proteger la informaci\u00f3n personal contra p\u00e9rdida, uso indebido y acceso no autorizado, divulgaci\u00f3n, alteraci\u00f3n y destrucci\u00f3n, teniendo en cuenta los riesgos que conlleva el procesamiento y la naturaleza de la informaci\u00f3n personal; no obstante, si Alaiki Zerbitzu Gizakulturalak S.L. , determina que sus datos de servicios han sido malversados (incluso por un empleado de Alaiki Zerbitzu Gizakulturalak S.L.), se han visto expuestos por una brecha de seguridad o adquiridos de forma incorrecta por un tercero, Alaiki Zerbitzu Gizakulturalak S.L. te informar\u00e1 de inmediato de dicha brecha de seguridad, apropiaci\u00f3n o adquisici\u00f3n indebida.<\/p><hr \/><h2><b>SECRETO Y SEGURIDAD DE LOS DATOS<\/b><\/h2><p class=\"p3\">landetxogunea.eus se compromete al uso y tratamiento de los datos personales del usuario, respetando su confidencialidad, de acuerdo con la finalidad de aquellos; as\u00ed como a dar cumplimiento a su obligaci\u00f3n de guardarlos y adaptar todas las medidas para evitar la alteraci\u00f3n, p\u00e9rdida, tratamiento o acceso no autorizado, de conformidad con lo establecido en la normativa vigente de protecci\u00f3n de datos.<\/p><p class=\"p3\">(Esta web incluye un certificado SSL. Se trata de un protocolo de seguridad que hace que tus datos viajen de manera \u00edntegra y segura; es decir, la transmisi\u00f3n de los datos entre un servidor y el usuario web, y en retroalimentaci\u00f3n es totalmente cifrada o encriptada).<\/p><p class=\"p3\">landetxogunea.eus no puede garantizar la absoluta inexpugnabilidad de la red Internet, ni, por tanto, la violaci\u00f3n de los datos mediante accesos fraudulentos a ellos por parte de terceros.<\/p><p class=\"p3 translation-block\">Con respecto a la confidencialidad del procesamiento Alaiki Zerbitzu Gizakulturalak S.L. se asegurar\u00e1 de que cualquier persona que est\u00e9 autorizada por Alaiki Zerbitzu Gizakulturalak S.L. para procesar los datos del cliente (incluido su personal, colaboradores y prestadores), estar\u00e1 bajo la obligaci\u00f3n apropiada de confidencialidad (ya sea un deber contractual o legal).<\/p><p class=\"p3 translation-block\">Cuando se presente alg\u00fan incidente de seguridad, al darse cuenta Alaiki Zerbitzu Gizakulturalak S.L. deber\u00e1 notificar al Cliente sin demoras indebidas y deber\u00e1 proporcionar informaci\u00f3n oportuna relacionada con el Incidente de Seguridad tal como se conozca, o cuando el cliente lo solicite razonablemente.<\/p><hr \/><h2><b>EXACTITUD Y VERACIDAD DE LOS DATOS<\/b><\/h2><p class=\"p3 translation-block\">Como usuario, eres el \u00fanico responsable de la veracidad y correcci\u00f3n de los datos que remitas a landetxogunea.eus, exonerando a Alaiki Zerbitzu Gizakulturalak S.L.  (Landetxo Gunea), de cualquier responsabilidad al respecto. Los usuarios garantizan y responden, en cualquier caso, de la exactitud, vigencia y autenticidad de los datos personales facilitados, y se comprometen a mantenerlos debidamente actualizados. El usuario acepta proporcionar informaci\u00f3n completa y correcta en el formulario de contacto o suscripci\u00f3n.<\/p><hr \/><h2><b>REVOCABILIDAD<\/b><\/h2><p class=\"p3 translation-block\">El consentimiento prestado, tanto para el tratamiento como para la cesi\u00f3n de los datos de los interesados, es revocable en cualquier momento comunic\u00e1ndolo a Alaiki Zerbitzu Gizakulturalak S.L. (Landetxo Gunea) en los t\u00e9rminos establecidos en esta Pol\u00edtica para el ejercicio de los derechos ARCO. Esta revocaci\u00f3n en ning\u00fan caso tendr\u00e1 car\u00e1cter retroactivo.<\/p><hr \/><h2><b>CAMBIOS EN LA POL\u00cdTICA DE PRIVACIDAD<\/b><\/h2><p class=\"p3 translation-block\">Alaiki Zerbitzu Gizakulturalak S.L.  se reserva el derecho a modificar la presente pol\u00edtica para adaptarla a novedades legislativas o jurisprudenciales, as\u00ed como a pr\u00e1cticas de la industria. En dichos supuestos, anunciar\u00e1 en esta p\u00e1gina los cambios introducidos con razonable antelaci\u00f3n a su puesta en pr\u00e1ctica.<\/p>\t\t\t\t\t\t\t\t<\/div>\n\t\t\t\t\t<\/div>\n\t\t\t\t<\/div>\n\t\t\t\t<\/div>","protected":false},"excerpt":{"rendered":"<p>Pribatutasun politika DATU-BABESARI BURUZKO INFORMAZIO GEHIGARRIA Webgune honetan zure datu pertsonalekin zer egiten den eta zer ez den egiten hemen aurkituko duzu. Politika honek azaltzen du nola tratatuko eta babestuko den webgune honen bidez Landetxo Gunearekin harremanetan jartzen diren pertsona guztien informazio pertsonala. Mesedez, webgune hau erabili aurretik irakurri Lege Oharreko atalak, cookie-politika eta pribatutasun-politika [&hellip;]<\/p>\n","protected":false},"author":1,"featured_media":0,"parent":0,"menu_order":0,"comment_status":"closed","ping_status":"closed","template":"","meta":{"footnotes":""},"class_list":["post-273","page","type-page","status-publish","hentry"],"yoast_head":"<!-- This site is optimized with the Yoast SEO plugin v27.2 - https:\/\/yoast.com\/product\/yoast-seo-wordpress\/ -->\n<title>Pribatutasun politika - Landetxogunea<\/title>\n<meta name=\"robots\" content=\"index, follow, max-snippet:-1, max-image-preview:large, max-video-preview:-1\" \/>\n<link rel=\"canonical\" href=\"https:\/\/landetxogunea.eus\/cas\/pribatutasun-politika\/\" \/>\n<meta property=\"og:locale\" content=\"es_ES\" \/>\n<meta property=\"og:type\" content=\"article\" \/>\n<meta property=\"og:title\" content=\"Pribatutasun politika - Landetxogunea\" \/>\n<meta property=\"og:description\" content=\"Pribatutasun politika DATU-BABESARI BURUZKO INFORMAZIO GEHIGARRIA Webgune honetan zure datu pertsonalekin zer egiten den eta zer ez den egiten hemen aurkituko duzu. Politika honek azaltzen du nola tratatuko eta babestuko den webgune honen bidez Landetxo Gunearekin harremanetan jartzen diren pertsona guztien informazio pertsonala. Mesedez, webgune hau erabili aurretik irakurri Lege Oharreko atalak, cookie-politika eta pribatutasun-politika [&hellip;]\" \/>\n<meta property=\"og:url\" content=\"https:\/\/landetxogunea.eus\/cas\/pribatutasun-politika\/\" \/>\n<meta property=\"og:site_name\" content=\"Landetxogunea\" \/>\n<meta property=\"article:modified_time\" content=\"2026-03-21T11:26:09+00:00\" \/>\n<meta property=\"og:image\" content=\"https:\/\/landetxogunea.eus\/wp-content\/uploads\/2026\/03\/cropped-cropped-icon-512.png\" \/>\n\t<meta property=\"og:image:width\" content=\"512\" \/>\n\t<meta property=\"og:image:height\" content=\"512\" \/>\n\t<meta property=\"og:image:type\" content=\"image\/png\" \/>\n<meta name=\"twitter:card\" content=\"summary_large_image\" \/>\n<meta name=\"twitter:label1\" content=\"Tiempo de lectura\" \/>\n\t<meta name=\"twitter:data1\" content=\"5 minutos\" \/>\n<script type=\"application\/ld+json\" class=\"yoast-schema-graph\">{\"@context\":\"https:\/\/schema.org\",\"@graph\":[{\"@type\":\"WebPage\",\"@id\":\"https:\/\/landetxogunea.eus\/pribatutasun-politika\/\",\"url\":\"https:\/\/landetxogunea.eus\/pribatutasun-politika\/\",\"name\":\"Pribatutasun politika - Landetxogunea\",\"isPartOf\":{\"@id\":\"https:\/\/landetxogunea.eus\/#website\"},\"datePublished\":\"2026-03-10T18:20:05+00:00\",\"dateModified\":\"2026-03-21T11:26:09+00:00\",\"breadcrumb\":{\"@id\":\"https:\/\/landetxogunea.eus\/pribatutasun-politika\/#breadcrumb\"},\"inLanguage\":\"es\",\"potentialAction\":[{\"@type\":\"ReadAction\",\"target\":[\"https:\/\/landetxogunea.eus\/pribatutasun-politika\/\"]}]},{\"@type\":\"BreadcrumbList\",\"@id\":\"https:\/\/landetxogunea.eus\/pribatutasun-politika\/#breadcrumb\",\"itemListElement\":[{\"@type\":\"ListItem\",\"position\":1,\"name\":\"Portada\",\"item\":\"https:\/\/landetxogunea.eus\/\"},{\"@type\":\"ListItem\",\"position\":2,\"name\":\"Pribatutasun politika\"}]},{\"@type\":\"WebSite\",\"@id\":\"https:\/\/landetxogunea.eus\/#website\",\"url\":\"https:\/\/landetxogunea.eus\/\",\"name\":\"Landetxo Gunea\",\"description\":\"\",\"publisher\":{\"@id\":\"https:\/\/landetxogunea.eus\/#organization\"},\"potentialAction\":[{\"@type\":\"SearchAction\",\"target\":{\"@type\":\"EntryPoint\",\"urlTemplate\":\"https:\/\/landetxogunea.eus\/?s={search_term_string}\"},\"query-input\":{\"@type\":\"PropertyValueSpecification\",\"valueRequired\":true,\"valueName\":\"search_term_string\"}}],\"inLanguage\":\"es\"},{\"@type\":\"Organization\",\"@id\":\"https:\/\/landetxogunea.eus\/#organization\",\"name\":\"Landetxo Gunea\",\"url\":\"https:\/\/landetxogunea.eus\/\",\"logo\":{\"@type\":\"ImageObject\",\"inLanguage\":\"es\",\"@id\":\"https:\/\/landetxogunea.eus\/#\/schema\/logo\/image\/\",\"url\":\"https:\/\/landetxogunea.eus\/wp-content\/uploads\/2026\/03\/cropped-cropped-icon-512.png\",\"contentUrl\":\"https:\/\/landetxogunea.eus\/wp-content\/uploads\/2026\/03\/cropped-cropped-icon-512.png\",\"width\":512,\"height\":512,\"caption\":\"Landetxo Gunea\"},\"image\":{\"@id\":\"https:\/\/landetxogunea.eus\/#\/schema\/logo\/image\/\"},\"sameAs\":[\"https:\/\/www.instagram.com\/landetxo.gunea\/\"]}]}<\/script>\n<!-- \/ Yoast SEO plugin. -->","yoast_head_json":{"title":"Pribatutasun politika - Landetxogunea","robots":{"index":"index","follow":"follow","max-snippet":"max-snippet:-1","max-image-preview":"max-image-preview:large","max-video-preview":"max-video-preview:-1"},"canonical":"https:\/\/landetxogunea.eus\/cas\/pribatutasun-politika\/","og_locale":"es_ES","og_type":"article","og_title":"Pribatutasun politika - Landetxogunea","og_description":"Pribatutasun politika DATU-BABESARI BURUZKO INFORMAZIO GEHIGARRIA Webgune honetan zure datu pertsonalekin zer egiten den eta zer ez den egiten hemen aurkituko duzu. Politika honek azaltzen du nola tratatuko eta babestuko den webgune honen bidez Landetxo Gunearekin harremanetan jartzen diren pertsona guztien informazio pertsonala. Mesedez, webgune hau erabili aurretik irakurri Lege Oharreko atalak, cookie-politika eta pribatutasun-politika [&hellip;]","og_url":"https:\/\/landetxogunea.eus\/cas\/pribatutasun-politika\/","og_site_name":"Landetxogunea","article_modified_time":"2026-03-21T11:26:09+00:00","og_image":[{"width":512,"height":512,"url":"https:\/\/landetxogunea.eus\/wp-content\/uploads\/2026\/03\/cropped-cropped-icon-512.png","type":"image\/png"}],"twitter_card":"summary_large_image","twitter_misc":{"Tiempo de lectura":"5 minutos"},"schema":{"@context":"https:\/\/schema.org","@graph":[{"@type":"WebPage","@id":"https:\/\/landetxogunea.eus\/pribatutasun-politika\/","url":"https:\/\/landetxogunea.eus\/pribatutasun-politika\/","name":"Pribatutasun politika - Landetxogunea","isPartOf":{"@id":"https:\/\/landetxogunea.eus\/#website"},"datePublished":"2026-03-10T18:20:05+00:00","dateModified":"2026-03-21T11:26:09+00:00","breadcrumb":{"@id":"https:\/\/landetxogunea.eus\/pribatutasun-politika\/#breadcrumb"},"inLanguage":"es","potentialAction":[{"@type":"ReadAction","target":["https:\/\/landetxogunea.eus\/pribatutasun-politika\/"]}]},{"@type":"BreadcrumbList","@id":"https:\/\/landetxogunea.eus\/pribatutasun-politika\/#breadcrumb","itemListElement":[{"@type":"ListItem","position":1,"name":"Portada","item":"https:\/\/landetxogunea.eus\/"},{"@type":"ListItem","position":2,"name":"Pribatutasun politika"}]},{"@type":"WebSite","@id":"https:\/\/landetxogunea.eus\/#website","url":"https:\/\/landetxogunea.eus\/","name":"Landetxo Gunea","description":"","publisher":{"@id":"https:\/\/landetxogunea.eus\/#organization"},"potentialAction":[{"@type":"SearchAction","target":{"@type":"EntryPoint","urlTemplate":"https:\/\/landetxogunea.eus\/?s={search_term_string}"},"query-input":{"@type":"PropertyValueSpecification","valueRequired":true,"valueName":"search_term_string"}}],"inLanguage":"es"},{"@type":"Organization","@id":"https:\/\/landetxogunea.eus\/#organization","name":"Landetxo Gunea","url":"https:\/\/landetxogunea.eus\/","logo":{"@type":"ImageObject","inLanguage":"es","@id":"https:\/\/landetxogunea.eus\/#\/schema\/logo\/image\/","url":"https:\/\/landetxogunea.eus\/wp-content\/uploads\/2026\/03\/cropped-cropped-icon-512.png","contentUrl":"https:\/\/landetxogunea.eus\/wp-content\/uploads\/2026\/03\/cropped-cropped-icon-512.png","width":512,"height":512,"caption":"Landetxo Gunea"},"image":{"@id":"https:\/\/landetxogunea.eus\/#\/schema\/logo\/image\/"},"sameAs":["https:\/\/www.instagram.com\/landetxo.gunea\/"]}]}},"_links":{"self":[{"href":"https:\/\/landetxogunea.eus\/cas\/wp-json\/wp\/v2\/pages\/273","targetHints":{"allow":["GET"]}}],"collection":[{"href":"https:\/\/landetxogunea.eus\/cas\/wp-json\/wp\/v2\/pages"}],"about":[{"href":"https:\/\/landetxogunea.eus\/cas\/wp-json\/wp\/v2\/types\/page"}],"author":[{"embeddable":true,"href":"https:\/\/landetxogunea.eus\/cas\/wp-json\/wp\/v2\/users\/1"}],"replies":[{"embeddable":true,"href":"https:\/\/landetxogunea.eus\/cas\/wp-json\/wp\/v2\/comments?post=273"}],"version-history":[{"count":46,"href":"https:\/\/landetxogunea.eus\/cas\/wp-json\/wp\/v2\/pages\/273\/revisions"}],"predecessor-version":[{"id":575,"href":"https:\/\/landetxogunea.eus\/cas\/wp-json\/wp\/v2\/pages\/273\/revisions\/575"}],"wp:attachment":[{"href":"https:\/\/landetxogunea.eus\/cas\/wp-json\/wp\/v2\/media?parent=273"}],"curies":[{"name":"wp","href":"https:\/\/api.w.org\/{rel}","templated":true}]}}