{"id":265,"date":"2026-03-10T18:19:23","date_gmt":"2026-03-10T18:19:23","guid":{"rendered":"https:\/\/landetxogunea.eus\/?page_id=265"},"modified":"2026-03-21T11:34:08","modified_gmt":"2026-03-21T11:34:08","slug":"lege-oharra","status":"publish","type":"page","link":"https:\/\/landetxogunea.eus\/cas\/lege-oharra\/","title":{"rendered":"Aviso legal"},"content":{"rendered":"<div data-elementor-type=\"wp-page\" data-elementor-id=\"265\" class=\"elementor elementor-265\" data-elementor-post-type=\"page\">\n\t\t\t\t<div class=\"elementor-element elementor-element-981fe86 e-flex e-con-boxed e-con e-parent\" data-id=\"981fe86\" data-element_type=\"container\" data-e-type=\"container\">\n\t\t\t\t\t<div class=\"e-con-inner\">\n\t\t\t\t<div class=\"elementor-element elementor-element-6159a525 elementor-widget elementor-widget-heading\" data-id=\"6159a525\" data-element_type=\"widget\" data-e-type=\"widget\" data-widget_type=\"heading.default\">\n\t\t\t\t\t<h2 class=\"elementor-heading-title elementor-size-default\">Aviso Legal<\/h2>\t\t\t\t<\/div>\n\t\t\t\t<div class=\"elementor-element elementor-element-4261d12 elementor-widget elementor-widget-text-editor\" data-id=\"4261d12\" data-element_type=\"widget\" data-e-type=\"widget\" data-widget_type=\"text-editor.default\">\n\t\t\t\t\t\t\t\t\t<p class=\"translation-block\">Nos tomamos muy en serio los derechos de los usuarios de nuestra web y por lo tanto nos comprometemos a ofrecerte la m\u00e1xima transparencia sobre todo que necesitas saber sobre\u00a0landetxogunea.eus.<\/p>\t\t\t\t\t\t\t\t<\/div>\n\t\t\t\t<div class=\"elementor-element elementor-element-ceea88b elementor-widget elementor-widget-text-editor\" data-id=\"ceea88b\" data-element_type=\"widget\" data-e-type=\"widget\" data-widget_type=\"text-editor.default\">\n\t\t\t\t\t\t\t\t\t<p class=\"p3 translation-block\">Esta web cumple rigurosamente con la Ley Org\u00e1nica 3\/2018, de 5 de diciembre, de Protecci\u00f3n de Datos Personales y garant\u00eda de los derechos digitales (LOPDGDD). Cumple tambi\u00e9n con el Reglamento (UE) 2016\/679 del Parlamento Europeo y del Consejo de 27 de abril de 2016 relativo a la protecci\u00f3n de las personas f\u00edsicas (RGPD), as\u00ed como con la Ley 34\/2002, de 11 de julio, de Servicios de la Sociedad de la Informaci\u00f3n y Comercio Electr\u00f3nico (LSSICE o LSSI).<\/p><p class=\"p1 translation-block\">Los servicios y\/o productos est\u00e1n disponibles s\u00f3lo para las personas jur\u00eddicas y las personas que tengan 16 a\u00f1os.<\/p>\t\t\t\t\t\t\t\t<\/div>\n\t\t\t\t<div class=\"elementor-element elementor-element-fe572c4 elementor-widget elementor-widget-heading\" data-id=\"fe572c4\" data-element_type=\"widget\" data-e-type=\"widget\" data-widget_type=\"heading.default\">\n\t\t\t\t\t<h2 class=\"elementor-heading-title elementor-size-default\">Identificador del responsable de la web<\/h2>\t\t\t\t<\/div>\n\t\t\t\t<div class=\"elementor-element elementor-element-16ea502 elementor-widget elementor-widget-text-editor\" data-id=\"16ea502\" data-element_type=\"widget\" data-e-type=\"widget\" data-widget_type=\"text-editor.default\">\n\t\t\t\t\t\t\t\t\t<p class=\"p1 translation-block\">Denominaci\u00f3n social:\u00a0Alaiki Zerbiktzu Gizakulturalak S.L.<\/p><p class=\"p1 translation-block\">CIF\/NIF:\u00a0B48910525<\/p><p class=\"p3 translation-block\">Correo electr\u00f3nico:\u00a0alaiki@alaiki.eus<\/p><p class=\"p1 translation-block\">Domicilio social:\u00a0\u00a0Barrikako Bidea, 2 Pol\u00edgono Industrial Igeltzera Pabell\u00f3n D4 URDULIZ 48610<\/p><p class=\"p1 translation-block\">Su actividad social es:\u00a0Animaci\u00f3n sociocultural<\/p><p class=\"p3 translation-block\">N\u00ba. de registro mercantil: Protocolo:\u00a01122\/97<\/p>\t\t\t\t\t\t\t\t<\/div>\n\t\t\t\t<div class=\"elementor-element elementor-element-222f0b0 elementor-widget elementor-widget-heading\" data-id=\"222f0b0\" data-element_type=\"widget\" data-e-type=\"widget\" data-widget_type=\"heading.default\">\n\t\t\t\t\t<h2 class=\"elementor-heading-title elementor-size-default\">\u00bfTe preocupan tus datos personales?<\/h2>\t\t\t\t<\/div>\n\t\t\t\t<div class=\"elementor-element elementor-element-daaf0f2 elementor-widget elementor-widget-text-editor\" data-id=\"daaf0f2\" data-element_type=\"widget\" data-e-type=\"widget\" data-widget_type=\"text-editor.default\">\n\t\t\t\t\t\t\t\t\t<p class=\"translation-block\">Leer \u201cPol\u00edtica de Privacidad\u201d\u00a0<\/p>\t\t\t\t\t\t\t\t<\/div>\n\t\t\t\t<div class=\"elementor-element elementor-element-0186670 elementor-widget elementor-widget-heading\" data-id=\"0186670\" data-element_type=\"widget\" data-e-type=\"widget\" data-widget_type=\"heading.default\">\n\t\t\t\t\t<h2 class=\"elementor-heading-title elementor-size-default\">Compromisos y obligaciones de los usuarios<\/h2>\t\t\t\t<\/div>\n\t\t\t\t<div class=\"elementor-element elementor-element-72983e7 elementor-widget elementor-widget-text-editor\" data-id=\"72983e7\" data-element_type=\"widget\" data-e-type=\"widget\" data-widget_type=\"text-editor.default\">\n\t\t\t\t\t\t\t\t\t<p class=\"translation-block\">El usuario queda informado, y acepta, que el acceso a la presente web no supone, en modo alguno, el inicio de una relaci\u00f3n comercial con\u00a0Landetxo Gunea. De esta forma, el usuario se compromete a utilizar el sitio web, sus servicios y contenidos sin contravenir la legislaci\u00f3n vigente, la buena fe y el orden p\u00fablico.<\/p>\t\t\t\t\t\t\t\t<\/div>\n\t\t\t\t<div class=\"elementor-element elementor-element-4eaa039 elementor-widget elementor-widget-text-editor\" data-id=\"4eaa039\" data-element_type=\"widget\" data-e-type=\"widget\" data-widget_type=\"text-editor.default\">\n\t\t\t\t\t\t\t\t\t<p class=\"translation-block\">Queda prohibido el uso de la web, con fines il\u00edcitos o lesivos, o que, de cualquier forma, puedan causar perjuicio o impedir el normal funcionamiento del sitio web. Respecto de los contenidos de esta web, se proh\u00edbe:<\/p>\t\t\t\t\t\t\t\t<\/div>\n\t\t\t\t<div class=\"elementor-element elementor-element-14c0e02 elementor-widget elementor-widget-text-editor\" data-id=\"14c0e02\" data-element_type=\"widget\" data-e-type=\"widget\" data-widget_type=\"text-editor.default\">\n\t\t\t\t\t\t\t\t\t<ul><li><p class=\"p1\">Su reproducci\u00f3n, distribuci\u00f3n o modificaci\u00f3n, total o parcial, a menos que se cuente con mi autorizaci\u00f3n como leg\u00edtimo titular.<\/p><\/li><li><p class=\"p1\">Cualquier vulneraci\u00f3n de los derechos del prestador o de mi como leg\u00edtimo titular.<\/p><\/li><li><p class=\"p1\">Su utilizaci\u00f3n para fines comerciales o publicitarios.<\/p><\/li><\/ul>\t\t\t\t\t\t\t\t<\/div>\n\t\t\t\t<div class=\"elementor-element elementor-element-83e17e1 elementor-widget elementor-widget-text-editor\" data-id=\"83e17e1\" data-element_type=\"widget\" data-e-type=\"widget\" data-widget_type=\"text-editor.default\">\n\t\t\t\t\t\t\t\t\t<p>En la utilizaci\u00f3n de la web\u00a0landetxogunea.eus\u00a0el usuario se compromete a no llevar a cabo ninguna conducta que pudiera da\u00f1ar la imagen, los intereses y los derechos de\u00a0Landetxo Gunea\u00a0o de terceros o que pudiera da\u00f1ar, inutilizar o sobrecargar el portal\u00a0landetxogunea.eus\u00a0o que impidiera, de cualquier forma, la normal utilizaci\u00f3n de la web.<\/p>\t\t\t\t\t\t\t\t<\/div>\n\t\t\t\t<div class=\"elementor-element elementor-element-e3d8dd1 elementor-widget elementor-widget-text-editor\" data-id=\"e3d8dd1\" data-element_type=\"widget\" data-e-type=\"widget\" data-widget_type=\"text-editor.default\">\n\t\t\t\t\t\t\t\t\t<p>No obstante, el usuario debe ser consciente de que las medidas de seguridad de los sistemas inform\u00e1ticos en Internet no son enteramente fiables y que, por tanto\u00a0landetxogunea.eus\u00a0no puede garantizar la inexistencia de malware u otros elementos que puedan producir alteraciones en los sistemas inform\u00e1ticos (software y hardware) del usuario o en sus documentos electr\u00f3nicos y ficheros contenidos en los mismos aunque pongo todos los medios necesarios y las medidas de seguridad oportunas para evitar la presencia de estos elementos da\u00f1inos.<\/p>\t\t\t\t\t\t\t\t<\/div>\n\t\t\t\t<div class=\"elementor-element elementor-element-7f1fdce elementor-widget elementor-widget-heading\" data-id=\"7f1fdce\" data-element_type=\"widget\" data-e-type=\"widget\" data-widget_type=\"heading.default\">\n\t\t\t\t\t<h2 class=\"elementor-heading-title elementor-size-default\">Medidas de seguridad<\/h2>\t\t\t\t<\/div>\n\t\t\t\t<div class=\"elementor-element elementor-element-7f9145c elementor-widget elementor-widget-text-editor\" data-id=\"7f9145c\" data-element_type=\"widget\" data-e-type=\"widget\" data-widget_type=\"text-editor.default\">\n\t\t\t\t\t\t\t\t\t<p class=\"translation-block\">Los datos personales comunicados por el usuario a\u00a0Landetxo Gunea\u00a0pueden ser almacenados en bases de datos automatizadas o no, cuya titularidad corresponde en exclusiva a\u00a0Alaiki Zerbitzu Gizakulturalak S.L., asumiendo \u00e9sta todas las medidas de \u00edndole t\u00e9cnica, organizativa y de seguridad que garantizan la confidencialidad, integridad y calidad de la informaci\u00f3n contenida en las mismas de acuerdo con lo establecido en la normativa vigente en protecci\u00f3n de datos.<\/p>\t\t\t\t\t\t\t\t<\/div>\n\t\t\t\t<div class=\"elementor-element elementor-element-750e9fa elementor-widget elementor-widget-text-editor\" data-id=\"750e9fa\" data-element_type=\"widget\" data-e-type=\"widget\" data-widget_type=\"text-editor.default\">\n\t\t\t\t\t\t\t\t\t<p>La comunicaci\u00f3n entre los usuarios y\u00a0landetxogunea.eus\u00a0utiliza un canal seguro, y los datos transmitidos son cifrados gracias a protocolos a https, por tanto, garantizo las mejores condiciones de seguridad para que la confidencialidad de los usuarios est\u00e9 garantizada.<\/p>\t\t\t\t\t\t\t\t<\/div>\n\t\t\t\t<div class=\"elementor-element elementor-element-f3dbc0a elementor-widget elementor-widget-heading\" data-id=\"f3dbc0a\" data-element_type=\"widget\" data-e-type=\"widget\" data-widget_type=\"heading.default\">\n\t\t\t\t\t<h2 class=\"elementor-heading-title elementor-size-default\">Plataforma de resoluci\u00f3n de conflictos<\/h2>\t\t\t\t<\/div>\n\t\t\t\t<div class=\"elementor-element elementor-element-21ca17d elementor-widget elementor-widget-text-editor\" data-id=\"21ca17d\" data-element_type=\"widget\" data-e-type=\"widget\" data-widget_type=\"text-editor.default\">\n\t\t\t\t\t\t\t\t\t<p class=\"p1\">\u00a0Pongo tambi\u00e9n a disposici\u00f3n de los usuarios la plataforma de resoluci\u00f3n de litigios que facilita la Comisi\u00f3n Europea y que se encuentra disponible en el siguiente enlace:\u00a0<\/p><p class=\"p1\"><a href=\"http:\/\/ec.europa.eu\/consumers\/odr\/\">http:\/\/ec.europa.eu\/consumers\/odr\/<\/a><\/p>\t\t\t\t\t\t\t\t<\/div>\n\t\t\t\t<div class=\"elementor-element elementor-element-da4c910 elementor-widget elementor-widget-heading\" data-id=\"da4c910\" data-element_type=\"widget\" data-e-type=\"widget\" data-widget_type=\"heading.default\">\n\t\t\t\t\t<h2 class=\"elementor-heading-title elementor-size-default\">Enlaces externos<\/h2>\t\t\t\t<\/div>\n\t\t\t\t<div class=\"elementor-element elementor-element-095bdfe elementor-widget elementor-widget-text-editor\" data-id=\"095bdfe\" data-element_type=\"widget\" data-e-type=\"widget\" data-widget_type=\"text-editor.default\">\n\t\t\t\t\t\t\t\t\t<p><span style=\"font-family: Inter;\">Las p\u00e1ginas de la web\u00a0landetxogunea.eus\u00a0proporciona enlaces a otros sitios web propios y contenidos que son propiedad de terceros tales como:<\/span><\/p>\t\t\t\t\t\t\t\t<\/div>\n\t\t\t\t<div class=\"elementor-element elementor-element-c09fbb1 elementor-widget elementor-widget-text-editor\" data-id=\"c09fbb1\" data-element_type=\"widget\" data-e-type=\"widget\" data-widget_type=\"text-editor.default\">\n\t\t\t\t\t\t\t\t\t<ul><li>Compra de entradas<\/li><\/ul>\t\t\t\t\t\t\t\t<\/div>\n\t\t\t\t<div class=\"elementor-element elementor-element-fb2e6e1 elementor-widget elementor-widget-text-editor\" data-id=\"fb2e6e1\" data-element_type=\"widget\" data-e-type=\"widget\" data-widget_type=\"text-editor.default\">\n\t\t\t\t\t\t\t\t\t<p><span style=\"font-family: -apple-system, BlinkMacSystemFont, 'Segoe UI', Roboto, 'Helvetica Neue', Arial, 'Noto Sans', sans-serif, 'Apple Color Emoji', 'Segoe UI Emoji', 'Segoe UI Symbol', 'Noto Color Emoji';\">El \u00fanico objeto de los enlaces es proporcionar al usuario la posibilidad de acceder a dichos enlaces.Landetxo Gunea\u00a0no se responsabiliza en ning\u00fan caso de los resultados que puedan derivarse al usuario por acceso a dichos enlaces.<\/span><\/p>\t\t\t\t\t\t\t\t<\/div>\n\t\t\t\t<div class=\"elementor-element elementor-element-ef1c82b elementor-widget elementor-widget-text-editor\" data-id=\"ef1c82b\" data-element_type=\"widget\" data-e-type=\"widget\" data-widget_type=\"text-editor.default\">\n\t\t\t\t\t\t\t\t\t<p>Asimismo, el usuario encontrar\u00e1 dentro de este sitio, p\u00e1ginas, promociones, programas de afiliados que acceden a los h\u00e1bitos de navegaci\u00f3n de los usuarios para establecer perfiles. Esta informaci\u00f3n siempre es an\u00f3nima y no se identifica al usuario.<\/p>\t\t\t\t\t\t\t\t<\/div>\n\t\t\t\t<div class=\"elementor-element elementor-element-5292f48 elementor-widget elementor-widget-text-editor\" data-id=\"5292f48\" data-element_type=\"widget\" data-e-type=\"widget\" data-widget_type=\"text-editor.default\">\n\t\t\t\t\t\t\t\t\t<p>La informaci\u00f3n que se proporcione en estos sitios patrocinado o enlaces de afiliados est\u00e1 sujeta a las pol\u00edticas de privacidad que se utilicen en dichos sitios y no estar\u00e1 sujeta a esta pol\u00edtica de privacidad. Por lo que recomiendo ampliamente a los usuarios a revisar detalladamente las pol\u00edticas de privacidad de los enlaces de afiliado.<\/p>\t\t\t\t\t\t\t\t<\/div>\n\t\t\t\t<div class=\"elementor-element elementor-element-5936506 elementor-widget elementor-widget-heading\" data-id=\"5936506\" data-element_type=\"widget\" data-e-type=\"widget\" data-widget_type=\"heading.default\">\n\t\t\t\t\t<h2 class=\"elementor-heading-title elementor-size-default\">Exclusi\u00f3n de garant\u00edas y responsable<\/h2>\t\t\t\t<\/div>\n\t\t\t\t<div class=\"elementor-element elementor-element-5f34137 elementor-widget elementor-widget-text-editor\" data-id=\"5f34137\" data-element_type=\"widget\" data-e-type=\"widget\" data-widget_type=\"text-editor.default\">\n\t\t\t\t\t\t\t\t\t<p>\u00a0Landetxo Gunea\u00a0no otorga ninguna garant\u00eda ni se hace responsable, en ning\u00fan caso, de los da\u00f1os y perjuicios de cualquier naturaleza que pudieran traer causa de:<\/p>\t\t\t\t\t\t\t\t<\/div>\n\t\t\t\t<div class=\"elementor-element elementor-element-99d54c0 elementor-widget elementor-widget-text-editor\" data-id=\"99d54c0\" data-element_type=\"widget\" data-e-type=\"widget\" data-widget_type=\"text-editor.default\">\n\t\t\t\t\t\t\t\t\t<ul><li><p class=\"p1\">La falta de disponibilidad, mantenimiento y efectivo funcionamiento de la web, o de sus servicios y contenidos.<\/p><\/li><li><p class=\"p1\">La existencia de malware, programas maliciosos o lesivos en los contenidos.<\/p><\/li><li><p class=\"p1\">El uso il\u00edcito, negligente, fraudulento o contrario a este Aviso Legal.<\/p><\/li><li><p class=\"p1\">La falta de licitud, calidad, fiabilidad, utilidad y disponibilidad de los servicios prestados por terceros y puestos a disposici\u00f3n de los usuarios en el sitio web.<\/p><\/li><li><p class=\"p1\">El prestador no se hace responsable bajo ning\u00fan concepto de los da\u00f1os que pudieran dimanar del uso ilegal o indebido de la presente p\u00e1gina web.<\/p><\/li><\/ul>\t\t\t\t\t\t\t\t<\/div>\n\t\t\t\t<div class=\"elementor-element elementor-element-ac70592 elementor-widget elementor-widget-heading\" data-id=\"ac70592\" data-element_type=\"widget\" data-e-type=\"widget\" data-widget_type=\"heading.default\">\n\t\t\t\t\t<h2 class=\"elementor-heading-title elementor-size-default\">\u00a0Ley aplicable y jurisdicci\u00f3n<\/h2>\t\t\t\t<\/div>\n\t\t\t\t<div class=\"elementor-element elementor-element-be14925 elementor-widget elementor-widget-text-editor\" data-id=\"be14925\" data-element_type=\"widget\" data-e-type=\"widget\" data-widget_type=\"text-editor.default\">\n\t\t\t\t\t\t\t\t\t<p class=\"translation-block\">Con car\u00e1cter general las relaciones entre\u00a0Landetxo Gunea\u00a0con los usuarios de sus servicios telem\u00e1ticos, presentes en esta web se encuentran sometidas a la legislaci\u00f3n y jurisdicci\u00f3n espa\u00f1olas y a los tribunales de\u00a0Bizkaia.<\/p>\t\t\t\t\t\t\t\t<\/div>\n\t\t\t\t<div class=\"elementor-element elementor-element-11713a4 elementor-widget elementor-widget-text-editor\" data-id=\"11713a4\" data-element_type=\"widget\" data-e-type=\"widget\" data-widget_type=\"text-editor.default\">\n\t\t\t\t\t\t\t\t\t<p class=\"translation-block\">En caso de que cualquier usuario tuviese alguna duda acerca de estas Condiciones legales o cualquier comentario sobre el portal\u00a0landetxogunea.eus, por favor dir\u00edjase a\u00a0info@landetxogunea.eus.<\/p>\t\t\t\t\t\t\t\t<\/div>\n\t\t\t\t<div class=\"elementor-element elementor-element-e013ab6 elementor-widget elementor-widget-text-editor\" data-id=\"e013ab6\" data-element_type=\"widget\" data-e-type=\"widget\" data-widget_type=\"text-editor.default\">\n\t\t\t\t\t\t\t\t\t<p class=\"translation-block\">El aviso legal ha sido actualizado por \u00faltima vez el 16 de marzo de 2026.<\/p>\t\t\t\t\t\t\t\t<\/div>\n\t\t\t\t\t<\/div>\n\t\t\t\t<\/div>\n\t\t\t\t<\/div>","protected":false},"excerpt":{"rendered":"<p>Lege Oharra Gure webguneko erabiltzaileen eskubideak oso serio hartzen ditugu, eta, horregatik, landetxogunea.eus-i buruz jakin behar duzun guztiaren inguruan ahalik eta gardentasun handiena eskaintzeko konpromisoa hartzen dugu. Webgune honek zorrotz betetzen du Datu Pertsonalak Babesteari eta eskubide digitalen bermeei buruzko abenduaren 5eko 3\/2018 Lege Organikoa (LOPDGDD). Era berean, betetzen du 2016ko apirilaren 27ko Europako Parlamentuaren [&hellip;]<\/p>\n","protected":false},"author":1,"featured_media":0,"parent":0,"menu_order":0,"comment_status":"closed","ping_status":"closed","template":"","meta":{"footnotes":""},"class_list":["post-265","page","type-page","status-publish","hentry"],"yoast_head":"<!-- This site is optimized with the Yoast SEO plugin v27.2 - https:\/\/yoast.com\/product\/yoast-seo-wordpress\/ -->\n<title>Lege oharra - Landetxogunea<\/title>\n<meta name=\"robots\" content=\"index, follow, max-snippet:-1, max-image-preview:large, max-video-preview:-1\" \/>\n<link rel=\"canonical\" href=\"https:\/\/landetxogunea.eus\/cas\/lege-oharra\/\" \/>\n<meta property=\"og:locale\" content=\"es_ES\" \/>\n<meta property=\"og:type\" content=\"article\" \/>\n<meta property=\"og:title\" content=\"Lege oharra - Landetxogunea\" \/>\n<meta property=\"og:description\" content=\"Lege Oharra Gure webguneko erabiltzaileen eskubideak oso serio hartzen ditugu, eta, horregatik, landetxogunea.eus-i buruz jakin behar duzun guztiaren inguruan ahalik eta gardentasun handiena eskaintzeko konpromisoa hartzen dugu. Webgune honek zorrotz betetzen du Datu Pertsonalak Babesteari eta eskubide digitalen bermeei buruzko abenduaren 5eko 3\/2018 Lege Organikoa (LOPDGDD). Era berean, betetzen du 2016ko apirilaren 27ko Europako Parlamentuaren [&hellip;]\" \/>\n<meta property=\"og:url\" content=\"https:\/\/landetxogunea.eus\/cas\/lege-oharra\/\" \/>\n<meta property=\"og:site_name\" content=\"Landetxogunea\" \/>\n<meta property=\"article:modified_time\" content=\"2026-03-21T11:34:08+00:00\" \/>\n<meta property=\"og:image\" content=\"https:\/\/landetxogunea.eus\/wp-content\/uploads\/2026\/03\/cropped-cropped-icon-512.png\" \/>\n\t<meta property=\"og:image:width\" content=\"512\" \/>\n\t<meta property=\"og:image:height\" content=\"512\" \/>\n\t<meta property=\"og:image:type\" content=\"image\/png\" \/>\n<meta name=\"twitter:card\" content=\"summary_large_image\" \/>\n<meta name=\"twitter:label1\" content=\"Tiempo de lectura\" \/>\n\t<meta name=\"twitter:data1\" content=\"4 minutos\" \/>\n<script type=\"application\/ld+json\" class=\"yoast-schema-graph\">{\"@context\":\"https:\/\/schema.org\",\"@graph\":[{\"@type\":\"WebPage\",\"@id\":\"https:\/\/landetxogunea.eus\/lege-oharra\/\",\"url\":\"https:\/\/landetxogunea.eus\/lege-oharra\/\",\"name\":\"Lege oharra - Landetxogunea\",\"isPartOf\":{\"@id\":\"https:\/\/landetxogunea.eus\/#website\"},\"datePublished\":\"2026-03-10T18:19:23+00:00\",\"dateModified\":\"2026-03-21T11:34:08+00:00\",\"breadcrumb\":{\"@id\":\"https:\/\/landetxogunea.eus\/lege-oharra\/#breadcrumb\"},\"inLanguage\":\"es\",\"potentialAction\":[{\"@type\":\"ReadAction\",\"target\":[\"https:\/\/landetxogunea.eus\/lege-oharra\/\"]}]},{\"@type\":\"BreadcrumbList\",\"@id\":\"https:\/\/landetxogunea.eus\/lege-oharra\/#breadcrumb\",\"itemListElement\":[{\"@type\":\"ListItem\",\"position\":1,\"name\":\"Portada\",\"item\":\"https:\/\/landetxogunea.eus\/\"},{\"@type\":\"ListItem\",\"position\":2,\"name\":\"Lege oharra\"}]},{\"@type\":\"WebSite\",\"@id\":\"https:\/\/landetxogunea.eus\/#website\",\"url\":\"https:\/\/landetxogunea.eus\/\",\"name\":\"Landetxo Gunea\",\"description\":\"\",\"publisher\":{\"@id\":\"https:\/\/landetxogunea.eus\/#organization\"},\"potentialAction\":[{\"@type\":\"SearchAction\",\"target\":{\"@type\":\"EntryPoint\",\"urlTemplate\":\"https:\/\/landetxogunea.eus\/?s={search_term_string}\"},\"query-input\":{\"@type\":\"PropertyValueSpecification\",\"valueRequired\":true,\"valueName\":\"search_term_string\"}}],\"inLanguage\":\"es\"},{\"@type\":\"Organization\",\"@id\":\"https:\/\/landetxogunea.eus\/#organization\",\"name\":\"Landetxo Gunea\",\"url\":\"https:\/\/landetxogunea.eus\/\",\"logo\":{\"@type\":\"ImageObject\",\"inLanguage\":\"es\",\"@id\":\"https:\/\/landetxogunea.eus\/#\/schema\/logo\/image\/\",\"url\":\"https:\/\/landetxogunea.eus\/wp-content\/uploads\/2026\/03\/cropped-cropped-icon-512.png\",\"contentUrl\":\"https:\/\/landetxogunea.eus\/wp-content\/uploads\/2026\/03\/cropped-cropped-icon-512.png\",\"width\":512,\"height\":512,\"caption\":\"Landetxo Gunea\"},\"image\":{\"@id\":\"https:\/\/landetxogunea.eus\/#\/schema\/logo\/image\/\"},\"sameAs\":[\"https:\/\/www.instagram.com\/landetxo.gunea\/\"]}]}<\/script>\n<!-- \/ Yoast SEO plugin. -->","yoast_head_json":{"title":"Lege oharra - Landetxogunea","robots":{"index":"index","follow":"follow","max-snippet":"max-snippet:-1","max-image-preview":"max-image-preview:large","max-video-preview":"max-video-preview:-1"},"canonical":"https:\/\/landetxogunea.eus\/cas\/lege-oharra\/","og_locale":"es_ES","og_type":"article","og_title":"Lege oharra - Landetxogunea","og_description":"Lege Oharra Gure webguneko erabiltzaileen eskubideak oso serio hartzen ditugu, eta, horregatik, landetxogunea.eus-i buruz jakin behar duzun guztiaren inguruan ahalik eta gardentasun handiena eskaintzeko konpromisoa hartzen dugu. Webgune honek zorrotz betetzen du Datu Pertsonalak Babesteari eta eskubide digitalen bermeei buruzko abenduaren 5eko 3\/2018 Lege Organikoa (LOPDGDD). Era berean, betetzen du 2016ko apirilaren 27ko Europako Parlamentuaren [&hellip;]","og_url":"https:\/\/landetxogunea.eus\/cas\/lege-oharra\/","og_site_name":"Landetxogunea","article_modified_time":"2026-03-21T11:34:08+00:00","og_image":[{"width":512,"height":512,"url":"https:\/\/landetxogunea.eus\/wp-content\/uploads\/2026\/03\/cropped-cropped-icon-512.png","type":"image\/png"}],"twitter_card":"summary_large_image","twitter_misc":{"Tiempo de lectura":"4 minutos"},"schema":{"@context":"https:\/\/schema.org","@graph":[{"@type":"WebPage","@id":"https:\/\/landetxogunea.eus\/lege-oharra\/","url":"https:\/\/landetxogunea.eus\/lege-oharra\/","name":"Lege oharra - Landetxogunea","isPartOf":{"@id":"https:\/\/landetxogunea.eus\/#website"},"datePublished":"2026-03-10T18:19:23+00:00","dateModified":"2026-03-21T11:34:08+00:00","breadcrumb":{"@id":"https:\/\/landetxogunea.eus\/lege-oharra\/#breadcrumb"},"inLanguage":"es","potentialAction":[{"@type":"ReadAction","target":["https:\/\/landetxogunea.eus\/lege-oharra\/"]}]},{"@type":"BreadcrumbList","@id":"https:\/\/landetxogunea.eus\/lege-oharra\/#breadcrumb","itemListElement":[{"@type":"ListItem","position":1,"name":"Portada","item":"https:\/\/landetxogunea.eus\/"},{"@type":"ListItem","position":2,"name":"Lege oharra"}]},{"@type":"WebSite","@id":"https:\/\/landetxogunea.eus\/#website","url":"https:\/\/landetxogunea.eus\/","name":"Landetxo Gunea","description":"","publisher":{"@id":"https:\/\/landetxogunea.eus\/#organization"},"potentialAction":[{"@type":"SearchAction","target":{"@type":"EntryPoint","urlTemplate":"https:\/\/landetxogunea.eus\/?s={search_term_string}"},"query-input":{"@type":"PropertyValueSpecification","valueRequired":true,"valueName":"search_term_string"}}],"inLanguage":"es"},{"@type":"Organization","@id":"https:\/\/landetxogunea.eus\/#organization","name":"Landetxo Gunea","url":"https:\/\/landetxogunea.eus\/","logo":{"@type":"ImageObject","inLanguage":"es","@id":"https:\/\/landetxogunea.eus\/#\/schema\/logo\/image\/","url":"https:\/\/landetxogunea.eus\/wp-content\/uploads\/2026\/03\/cropped-cropped-icon-512.png","contentUrl":"https:\/\/landetxogunea.eus\/wp-content\/uploads\/2026\/03\/cropped-cropped-icon-512.png","width":512,"height":512,"caption":"Landetxo Gunea"},"image":{"@id":"https:\/\/landetxogunea.eus\/#\/schema\/logo\/image\/"},"sameAs":["https:\/\/www.instagram.com\/landetxo.gunea\/"]}]}},"_links":{"self":[{"href":"https:\/\/landetxogunea.eus\/cas\/wp-json\/wp\/v2\/pages\/265","targetHints":{"allow":["GET"]}}],"collection":[{"href":"https:\/\/landetxogunea.eus\/cas\/wp-json\/wp\/v2\/pages"}],"about":[{"href":"https:\/\/landetxogunea.eus\/cas\/wp-json\/wp\/v2\/types\/page"}],"author":[{"embeddable":true,"href":"https:\/\/landetxogunea.eus\/cas\/wp-json\/wp\/v2\/users\/1"}],"replies":[{"embeddable":true,"href":"https:\/\/landetxogunea.eus\/cas\/wp-json\/wp\/v2\/comments?post=265"}],"version-history":[{"count":40,"href":"https:\/\/landetxogunea.eus\/cas\/wp-json\/wp\/v2\/pages\/265\/revisions"}],"predecessor-version":[{"id":584,"href":"https:\/\/landetxogunea.eus\/cas\/wp-json\/wp\/v2\/pages\/265\/revisions\/584"}],"wp:attachment":[{"href":"https:\/\/landetxogunea.eus\/cas\/wp-json\/wp\/v2\/media?parent=265"}],"curies":[{"name":"wp","href":"https:\/\/api.w.org\/{rel}","templated":true}]}}